{"id":1071,"date":"2022-01-26T13:56:09","date_gmt":"2022-01-26T12:56:09","guid":{"rendered":"https:\/\/www.schnalzer.info\/web\/?page_id=1071"},"modified":"2022-01-26T14:11:49","modified_gmt":"2022-01-26T13:11:49","slug":"2019-3","status":"publish","type":"page","link":"https:\/\/www.schnalzer.info\/web\/events\/2019-3\/","title":{"rendered":"2019"},"content":{"rendered":"<h3><strong>VERANSTALTUNGEN 2019<\/strong><\/h3>\n<p><img loading=\"lazy\" decoding=\"async\" class=\"alignnone  wp-image-997\" src=\"https:\/\/www.schnalzer.info\/web\/wp-content\/uploads\/2020\/02\/BFI-intern-2019-300x157.jpg\" alt=\"\" width=\"698\" height=\"365\" srcset=\"https:\/\/www.schnalzer.info\/web\/wp-content\/uploads\/2020\/02\/BFI-intern-2019-300x157.jpg 300w, https:\/\/www.schnalzer.info\/web\/wp-content\/uploads\/2020\/02\/BFI-intern-2019-768x403.jpg 768w, https:\/\/www.schnalzer.info\/web\/wp-content\/uploads\/2020\/02\/BFI-intern-2019-1024x537.jpg 1024w, https:\/\/www.schnalzer.info\/web\/wp-content\/uploads\/2020\/02\/BFI-intern-2019-632x331.jpg 632w, https:\/\/www.schnalzer.info\/web\/wp-content\/uploads\/2020\/02\/BFI-intern-2019-1019x534.jpg 1019w, https:\/\/www.schnalzer.info\/web\/wp-content\/uploads\/2020\/02\/BFI-intern-2019.jpg 1714w\" sizes=\"(max-width: 698px) 100vw, 698px\" \/><\/p>\n<h3><span style=\"color: #000000;\"><strong><span style=\"margin: 0px; font-family: 'Verdana',sans-serif; font-size: 10pt;\"><span style=\"text-align: left; text-transform: none; text-indent: 0px; letter-spacing: normal; font-family: 'Open Sans',Helvetica,Arial,sans-serif; font-size: 14px; font-style: normal; font-variant: normal; text-decoration: none; word-spacing: 0px; display: inline !important; white-space: normal; cursor: text; orphans: 2; float: none; -webkit-text-stroke-width: 0px; background-color: transparent;\">Die Biogena Akademie vollzieht eine Strategie\u00e4nderung und m\u00f6chte sich in naher Zukunft mehr auf online Formate konzentrieren. Bedauerlicherweise entfallen deshalb alle unten angef\u00fchrten Pr\u00e4senz-Termine.<\/span><\/span><\/strong><\/span><\/h3>\n<p><img loading=\"lazy\" decoding=\"async\" class=\"alignnone size-medium wp-image-54\" src=\"http:\/\/879kd.w4yserver.at\/web\/wp-content\/uploads\/2018\/05\/logo-biogena-300x152.jpg\" alt=\"\" width=\"300\" height=\"152\" srcset=\"https:\/\/www.schnalzer.info\/web\/wp-content\/uploads\/2018\/05\/logo-biogena-300x152.jpg 300w, https:\/\/www.schnalzer.info\/web\/wp-content\/uploads\/2018\/05\/logo-biogena.jpg 561w\" sizes=\"(max-width: 300px) 100vw, 300px\" \/><\/p>\n<h3><b>Anti-Aging &#8211; <\/b><b><\/b><b>Wie k\u00f6nnen Frau und Mann die Lebensqualit\u00e4t im Alter m\u00f6glichst lange auf hohem Niveau halten?<\/b><\/h3>\n<p style=\"text-align: justify;\">Dr.med.univ. Ren\u00e9 Schnalzer zeigt M\u00f6glichkeiten der Altershemmung auf und erkl\u00e4rt Ma\u00dfnahmen zur (zellul\u00e4ren) Jungerhaltung.<\/p>\n<p style=\"text-align: justify;\">Erfahren Sie mehr \u00fcber wichtige S\u00e4ulen zur Verlangsamung und Kaschierung der inneren und \u00e4u\u00dferen Alterungsprozesse wie Ern\u00e4hrung, Telomer-unterst\u00fctzendes Verhalten, Nahrungs-erg\u00e4nzungsmittel, Kosmetik, Botolinumtoxin-Injektionen, Anwendung dermaler Filler, plastisch-rekonstruktive Chirurgie.<\/p>\n<h5>Termine:<\/h5>\n<ul>\n<li><del>Dienstag, 05.11.2019, 19:00 Uhr<\/del><br \/>\n<del>Ort: Schottenfeldcenter, Schottenfeldgasse 22, 1070 Wien<\/del><\/li>\n<\/ul>\n<ul>\n<li><del>Mittwoch, 27.11.2019, 19:00 Uhr<\/del><br \/>\n<del>Ort: Seepark Hotel, Universit\u00e4tsstra\u00dfe 104, 9020 Klagenfurt am W\u00f6rthersee<\/del><\/li>\n<\/ul>\n<ul>\n<li><del>Donnerstag, 28.11.2019, 19:00 Uhr<\/del><br \/>\n<del>Ort: Steiermarkhof, Ekkehard-Hauer-Stra\u00dfe 3, 8052 Graz<\/del><\/li>\n<\/ul>\n<ul>\n<li><del>Dienstag, 03.12.2019, 19:00 Uhr<\/del><br \/>\n<del>Ort: Seminarraum d. Biogena Firmenzentrale, Strubergasse 24, 5020 Salzburg<\/del><\/li>\n<\/ul>\n<ul>\n<li><del>Mittwoch, 11.12.2019, 19:00 Uhr<\/del><br \/>\n<del>Ort: Courtyard by Marriott Linz, Europaplatz 2, 4020 Linz<\/del><\/li>\n<\/ul>\n","protected":false},"excerpt":{"rendered":"<p>VERANSTALTUNGEN 2019 Die Biogena Akademie vollzieht eine Strategie\u00e4nderung und m\u00f6chte sich in naher Zukunft mehr auf online Formate konzentrieren. Bedauerlicherweise entfallen deshalb alle unten angef\u00fchrten Pr\u00e4senz-Termine. Anti-Aging &#8211; Wie k\u00f6nnen Frau und Mann die Lebensqualit\u00e4t im Alter m\u00f6glichst lange auf hohem Niveau halten? Dr.med.univ. Ren\u00e9 Schnalzer zeigt M\u00f6glichkeiten der Altershemmung auf und erkl\u00e4rt Ma\u00dfnahmen zur &hellip; <\/p>\n<p class=\"link-more\"><a href=\"https:\/\/www.schnalzer.info\/web\/events\/2019-3\/\" class=\"more-link\"><span class=\"screen-reader-text\">\u201e2019\u201c<\/span> weiterlesen<\/a><\/p>\n","protected":false},"author":1,"featured_media":0,"parent":21,"menu_order":0,"comment_status":"closed","ping_status":"closed","template":"page-templates\/default-no-sidebar.php","meta":{"footnotes":""},"_links":{"self":[{"href":"https:\/\/www.schnalzer.info\/web\/wp-json\/wp\/v2\/pages\/1071"}],"collection":[{"href":"https:\/\/www.schnalzer.info\/web\/wp-json\/wp\/v2\/pages"}],"about":[{"href":"https:\/\/www.schnalzer.info\/web\/wp-json\/wp\/v2\/types\/page"}],"author":[{"embeddable":true,"href":"https:\/\/www.schnalzer.info\/web\/wp-json\/wp\/v2\/users\/1"}],"replies":[{"embeddable":true,"href":"https:\/\/www.schnalzer.info\/web\/wp-json\/wp\/v2\/comments?post=1071"}],"version-history":[{"count":3,"href":"https:\/\/www.schnalzer.info\/web\/wp-json\/wp\/v2\/pages\/1071\/revisions"}],"predecessor-version":[{"id":1082,"href":"https:\/\/www.schnalzer.info\/web\/wp-json\/wp\/v2\/pages\/1071\/revisions\/1082"}],"up":[{"embeddable":true,"href":"https:\/\/www.schnalzer.info\/web\/wp-json\/wp\/v2\/pages\/21"}],"wp:attachment":[{"href":"https:\/\/www.schnalzer.info\/web\/wp-json\/wp\/v2\/media?parent=1071"}],"curies":[{"name":"wp","href":"https:\/\/api.w.org\/{rel}","templated":true}]}}