{"id":1143,"date":"2023-03-20T06:46:59","date_gmt":"2023-03-20T05:46:59","guid":{"rendered":"https:\/\/www.schnalzer.info\/web\/?page_id=1143"},"modified":"2025-09-14T19:07:41","modified_gmt":"2025-09-14T17:07:41","slug":"radiobeitraege","status":"publish","type":"page","link":"https:\/\/www.schnalzer.info\/web\/publikationen\/radiobeitraege\/","title":{"rendered":"RADIOBEITR\u00c4GE"},"content":{"rendered":"\n<h2 class=\"wp-block-heading\">ON AIR (RADIOBEITR\u00c4GE)<\/h2>\n\n\n\n<p>\u00a0<\/p>\n<p><strong>VITAMIN D<\/strong> <em>(26<span class=\"beitrags-datum\">. M\u00e4rz 2024, ANTENNE STEIERMARK; ohne Soundbett<\/span>)<\/em><\/p>\n\n\n\n<figure class=\"wp-block-audio\"><audio controls src=\"https:\/\/www.schnalzer.info\/web\/wp-content\/uploads\/2024\/04\/Den-Alltag-kurz-mal-vergessen-Antenne-Steiermark.mp3\"><\/audio><\/figure>\n\n\n\n<p><\/p>\n\n\n\n<hr class=\"wp-block-separator has-css-opacity\"\/>\n\n\n\n<p><strong>MASERN<\/strong> <em>(<span class=\"beitrags-datum\">2. M\u00e4rz 2014, KRONEHIT<\/span>)<\/em><\/p>\n\n\n\n<figure class=\"wp-block-audio\"><audio controls src=\"https:\/\/www.schnalzer.info\/web\/wp-content\/uploads\/2018\/10\/masern.mp3\"><\/audio><\/figure>\n\n\n\n<p><\/p>\n\n\n\n<hr class=\"wp-block-separator has-alpha-channel-opacity\"\/>\n\n\n\n<p><strong>HUSTENSAFT<\/strong> <em>(22. J\u00e4nner 2014, KRONEHIT)<\/em><\/p>\n\n\n\n<figure class=\"wp-block-audio\"><audio controls src=\"https:\/\/www.schnalzer.info\/web\/wp-content\/uploads\/2018\/10\/hustensaft.mp3\"><\/audio><\/figure>\n\n\n\n<hr class=\"wp-block-separator has-alpha-channel-opacity\"\/>\n\n\n\n<p><\/p>\n\n\n\n<p><strong>UNTERK\u00dcHLUNG<\/strong> <em>(<span class=\"beitrags-datum\">10. November 2013, KRONEHIT<\/span>)<\/em><\/p>\n\n\n\n<figure class=\"wp-block-audio\"><audio controls src=\"https:\/\/www.schnalzer.info\/web\/wp-content\/uploads\/2018\/10\/Unterkuehlung.mp3\"><\/audio><\/figure>\n\n\n\n<hr class=\"wp-block-separator has-css-opacity\"\/>\n\n\n\n\n\n\n\n<p>\u00a0<\/p>\n<p>\u00a0<\/p>\n","protected":false},"excerpt":{"rendered":"<p>ON AIR (RADIOBEITR\u00c4GE) \u00a0 VITAMIN D (26. M\u00e4rz 2024, ANTENNE STEIERMARK; ohne Soundbett) MASERN (2. M\u00e4rz 2014, KRONEHIT) HUSTENSAFT (22. J\u00e4nner 2014, KRONEHIT) UNTERK\u00dcHLUNG (10. November 2013, KRONEHIT) \u00a0 \u00a0<\/p>\n","protected":false},"author":1,"featured_media":0,"parent":15,"menu_order":0,"comment_status":"closed","ping_status":"closed","template":"","meta":{"footnotes":""},"_links":{"self":[{"href":"https:\/\/www.schnalzer.info\/web\/wp-json\/wp\/v2\/pages\/1143"}],"collection":[{"href":"https:\/\/www.schnalzer.info\/web\/wp-json\/wp\/v2\/pages"}],"about":[{"href":"https:\/\/www.schnalzer.info\/web\/wp-json\/wp\/v2\/types\/page"}],"author":[{"embeddable":true,"href":"https:\/\/www.schnalzer.info\/web\/wp-json\/wp\/v2\/users\/1"}],"replies":[{"embeddable":true,"href":"https:\/\/www.schnalzer.info\/web\/wp-json\/wp\/v2\/comments?post=1143"}],"version-history":[{"count":7,"href":"https:\/\/www.schnalzer.info\/web\/wp-json\/wp\/v2\/pages\/1143\/revisions"}],"predecessor-version":[{"id":1389,"href":"https:\/\/www.schnalzer.info\/web\/wp-json\/wp\/v2\/pages\/1143\/revisions\/1389"}],"up":[{"embeddable":true,"href":"https:\/\/www.schnalzer.info\/web\/wp-json\/wp\/v2\/pages\/15"}],"wp:attachment":[{"href":"https:\/\/www.schnalzer.info\/web\/wp-json\/wp\/v2\/media?parent=1143"}],"curies":[{"name":"wp","href":"https:\/\/api.w.org\/{rel}","templated":true}]}}