{"id":2,"date":"2018-05-25T15:08:49","date_gmt":"2018-05-25T13:08:49","guid":{"rendered":"http:\/\/879kd.w4yserver.at\/web\/?page_id=2"},"modified":"2026-02-15T17:49:18","modified_gmt":"2026-02-15T16:49:18","slug":"beispiel-seite","status":"publish","type":"page","link":"https:\/\/www.schnalzer.info\/web\/","title":{"rendered":"\u00c4rztliche T\u00e4tigkeit"},"content":{"rendered":"\n<h2 class=\"wp-block-heading\">\u00c4RZTLICHE T\u00c4TIGKEIT<\/h2>\n\n\n\n<p>Facharzt f\u00fcr Allgemeinmedizin und Familienmedizin \/ Arzt f\u00fcr Arbeitsmedizin.<\/p>\n<p>In den vergangenen Jahren in einer Grazer Privatklinik in den Bereichen Innere Medizin, allgemeine, orthop\u00e4dische, Unfall-, Gef\u00e4\u00df-, Neuro- und plastische Chirurgie sowie HNO, Urologie, Dermatologie und Augenheilkunde t\u00e4tig gewesen.<\/p>\n<p>Angestellt am Arbeitsmedizinischen Zentrum Meditrina (vormals VAMED) und verantwortlich f\u00fcr die Umsetzung zeitgem\u00e4\u00dfer Pr\u00e4vention als Teil des gesetzlich verankerten Arbeitnehmerschutzes.<\/p>\n<p>Stv. \u00c4rztliche Leitung am Arbeitsmedizinischen Zentrum Meditrina (vormals VAMED) in der Steiermark<\/p>\n<p>Medizinische Leitung im Ausbildungszentrum Dr. Bergler (12.04.2018 &#8211; 31.12.2021)<\/p>\n<p>\u00a0<\/p>\n\n\n<div class=\"wp-block-image\">\n<figure class=\"aligncenter size-full is-resized\"><img loading=\"lazy\" decoding=\"async\" width=\"316\" height=\"462\" src=\"https:\/\/www.schnalzer.info\/web\/wp-content\/uploads\/2025\/06\/20250507-Schnalzer-2-cut_klein.jpg\" alt=\"\" class=\"wp-image-1378\" style=\"aspect-ratio:3\/4;object-fit:cover;width:281px;height:auto\" srcset=\"https:\/\/www.schnalzer.info\/web\/wp-content\/uploads\/2025\/06\/20250507-Schnalzer-2-cut_klein.jpg 316w, https:\/\/www.schnalzer.info\/web\/wp-content\/uploads\/2025\/06\/20250507-Schnalzer-2-cut_klein-205x300.jpg 205w\" sizes=\"(max-width: 316px) 100vw, 316px\" \/><\/figure><\/div>","protected":false},"excerpt":{"rendered":"<p>\u00c4RZTLICHE T\u00c4TIGKEIT Facharzt f\u00fcr Allgemeinmedizin und Familienmedizin \/ Arzt f\u00fcr Arbeitsmedizin. In den vergangenen Jahren in einer Grazer Privatklinik in den Bereichen Innere Medizin, allgemeine, orthop\u00e4dische, Unfall-, Gef\u00e4\u00df-, Neuro- und plastische Chirurgie sowie HNO, Urologie, Dermatologie und Augenheilkunde t\u00e4tig gewesen. Angestellt am Arbeitsmedizinischen Zentrum Meditrina (vormals VAMED) und verantwortlich f\u00fcr die Umsetzung zeitgem\u00e4\u00dfer Pr\u00e4vention als &hellip; <\/p>\n<p class=\"link-more\"><a href=\"https:\/\/www.schnalzer.info\/web\/\" class=\"more-link\"><span class=\"screen-reader-text\">\u201e\u00c4rztliche T\u00e4tigkeit\u201c<\/span> weiterlesen<\/a><\/p>\n","protected":false},"author":1,"featured_media":0,"parent":0,"menu_order":0,"comment_status":"closed","ping_status":"closed","template":"","meta":{"footnotes":""},"_links":{"self":[{"href":"https:\/\/www.schnalzer.info\/web\/wp-json\/wp\/v2\/pages\/2"}],"collection":[{"href":"https:\/\/www.schnalzer.info\/web\/wp-json\/wp\/v2\/pages"}],"about":[{"href":"https:\/\/www.schnalzer.info\/web\/wp-json\/wp\/v2\/types\/page"}],"author":[{"embeddable":true,"href":"https:\/\/www.schnalzer.info\/web\/wp-json\/wp\/v2\/users\/1"}],"replies":[{"embeddable":true,"href":"https:\/\/www.schnalzer.info\/web\/wp-json\/wp\/v2\/comments?post=2"}],"version-history":[{"count":34,"href":"https:\/\/www.schnalzer.info\/web\/wp-json\/wp\/v2\/pages\/2\/revisions"}],"predecessor-version":[{"id":1394,"href":"https:\/\/www.schnalzer.info\/web\/wp-json\/wp\/v2\/pages\/2\/revisions\/1394"}],"wp:attachment":[{"href":"https:\/\/www.schnalzer.info\/web\/wp-json\/wp\/v2\/media?parent=2"}],"curies":[{"name":"wp","href":"https:\/\/api.w.org\/{rel}","templated":true}]}}